{"id":2976,"date":"2025-02-07T17:44:55","date_gmt":"2025-02-07T16:44:55","guid":{"rendered":"https:\/\/zamel-zme.com.pl\/?page_id=2976"},"modified":"2025-02-13T13:12:34","modified_gmt":"2025-02-13T12:12:34","slug":"praktyki-zawodowe-2","status":"publish","type":"page","link":"https:\/\/zamel-zme.com.pl\/de\/praktyki-zawodowe-2\/","title":{"rendered":"Lehrlingsausbildung"},"content":{"rendered":"<div data-elementor-type=\"wp-page\" data-elementor-id=\"2976\" class=\"elementor elementor-2976\" data-elementor-post-type=\"page\">\n\t\t\t\t\t\t<section class=\"elementor-section elementor-top-section elementor-element elementor-element-708905a4 elementor-section-full_width elementor-section-height-min-height elementor-section-height-default elementor-section-items-middle\" data-id=\"708905a4\" data-element_type=\"section\" data-settings=\"{&quot;background_background&quot;:&quot;video&quot;,&quot;background_video_link&quot;:&quot;https:\\\/\\\/zamel-zme.com.pl\\\/wp-content\\\/uploads\\\/2025\\\/01\\\/Zamel_Main2.webm&quot;,&quot;background_play_on_mobile&quot;:&quot;yes&quot;}\">\n\t\t\t\t\t\t\t\t<div class=\"elementor-background-video-container\">\n\t\t\t\t\t\t\t\t\t\t\t\t\t<video class=\"elementor-background-video-hosted\" autoplay muted playsinline loop><\/video>\n\t\t\t\t\t\t\t\t\t\t\t<\/div>\n\t\t\t\t\t\t\t\t\t<div class=\"elementor-background-overlay\"><\/div>\n\t\t\t\t\t\t\t<div class=\"elementor-container elementor-column-gap-default\">\n\t\t\t\t\t<div class=\"elementor-column elementor-col-100 elementor-top-column elementor-element elementor-element-43df5845\" data-id=\"43df5845\" data-element_type=\"column\">\n\t\t\t<div class=\"elementor-widget-wrap elementor-element-populated\">\n\t\t\t\t\t\t<section class=\"elementor-section elementor-inner-section elementor-element elementor-element-a45ce54 elementor-section-boxed elementor-section-height-default elementor-section-height-default\" data-id=\"a45ce54\" data-element_type=\"section\">\n\t\t\t\t\t\t<div class=\"elementor-container elementor-column-gap-default\">\n\t\t\t\t\t<div class=\"elementor-column elementor-col-50 elementor-inner-column elementor-element elementor-element-5df16d97\" data-id=\"5df16d97\" data-element_type=\"column\" data-settings=\"{&quot;background_background&quot;:&quot;classic&quot;}\">\n\t\t\t<div class=\"elementor-widget-wrap elementor-element-populated\">\n\t\t\t\t\t<div class=\"elementor-background-overlay\"><\/div>\n\t\t\t\t\t\t<div class=\"elementor-element elementor-element-4540db43 elementor-widget elementor-widget-elementskit-heading\" data-id=\"4540db43\" data-element_type=\"widget\" data-widget_type=\"elementskit-heading.default\">\n\t\t\t\t<div class=\"elementor-widget-container\">\n\t\t\t\t\t<div class=\"ekit-wid-con\" ><div class=\"ekit-heading elementskit-section-title-wraper text_left   ekit_heading_tablet-   ekit_heading_mobile-text_center\"><h1 class=\"ekit-heading--title elementskit-section-title\">Praktiken <span><span>professionell<\/span><\/span><\/h1><div class=\"ekit_heading_separetor_wraper ekit_heading_elementskit-border-divider elementskit-style-long\"><div class=\"elementskit-border-divider elementskit-style-long\"><\/div><\/div><\/div><\/div>\t\t\t\t<\/div>\n\t\t\t\t<\/div>\n\t\t\t\t<div class=\"elementor-element elementor-element-3aeba227 elementor-widget elementor-widget-text-editor\" data-id=\"3aeba227\" data-element_type=\"widget\" data-widget_type=\"text-editor.default\">\n\t\t\t\t<div class=\"elementor-widget-container\">\n\t\t\t\t\t\t\t\t\t<p data-pm-slice=\"1 1 []\">\"Wissen flie\u00dft durch die H\u00e4nde, <\/br>Erfahrung wird in Aktion geboren\"<\/p>\t\t\t\t\t\t\t\t<\/div>\n\t\t\t\t<\/div>\n\t\t\t\t\t<\/div>\n\t\t<\/div>\n\t\t\t\t<div class=\"elementor-column elementor-col-50 elementor-inner-column elementor-element elementor-element-67ece42c\" data-id=\"67ece42c\" data-element_type=\"column\">\n\t\t\t<div class=\"elementor-widget-wrap\">\n\t\t\t\t\t\t\t<\/div>\n\t\t<\/div>\n\t\t\t\t\t<\/div>\n\t\t<\/section>\n\t\t\t\t\t<\/div>\n\t\t<\/div>\n\t\t\t\t\t<\/div>\n\t\t<\/section>\n\t\t\t\t<section class=\"elementor-section elementor-top-section elementor-element elementor-element-4befa213 elementor-section-boxed elementor-section-height-default elementor-section-height-default\" data-id=\"4befa213\" data-element_type=\"section\">\n\t\t\t\t\t\t<div class=\"elementor-container elementor-column-gap-default\">\n\t\t\t\t\t<div class=\"elementor-column elementor-col-100 elementor-top-column elementor-element elementor-element-20855361\" data-id=\"20855361\" data-element_type=\"column\">\n\t\t\t<div class=\"elementor-widget-wrap\">\n\t\t\t\t\t\t\t<\/div>\n\t\t<\/div>\n\t\t\t\t\t<\/div>\n\t\t<\/section>\n\t\t\t\t<section class=\"elementor-section elementor-top-section elementor-element elementor-element-6bd5d46b elementor-section-boxed elementor-section-height-default elementor-section-height-default\" data-id=\"6bd5d46b\" data-element_type=\"section\">\n\t\t\t\t\t\t<div class=\"elementor-container elementor-column-gap-default\">\n\t\t\t\t\t<div class=\"elementor-column elementor-col-100 elementor-top-column elementor-element elementor-element-5af6c60b\" data-id=\"5af6c60b\" data-element_type=\"column\">\n\t\t\t<div class=\"elementor-widget-wrap elementor-element-populated\">\n\t\t\t\t\t\t<section class=\"elementor-section elementor-inner-section elementor-element elementor-element-57b37c60 elementor-reverse-mobile elementor-section-boxed elementor-section-height-default elementor-section-height-default\" data-id=\"57b37c60\" data-element_type=\"section\">\n\t\t\t\t\t\t<div class=\"elementor-container elementor-column-gap-default\">\n\t\t\t\t\t<div class=\"elementor-column elementor-col-50 elementor-inner-column elementor-element elementor-element-256e8417\" data-id=\"256e8417\" data-element_type=\"column\">\n\t\t\t<div class=\"elementor-widget-wrap elementor-element-populated\">\n\t\t\t\t\t\t<div class=\"elementor-element elementor-element-2fdad38b elementor-widget elementor-widget-elementskit-heading\" data-id=\"2fdad38b\" data-element_type=\"widget\" data-widget_type=\"elementskit-heading.default\">\n\t\t\t\t<div class=\"elementor-widget-container\">\n\t\t\t\t\t<div class=\"ekit-wid-con\" ><div class=\"ekit-heading elementskit-section-title-wraper text_left   ekit_heading_tablet-   ekit_heading_mobile-text_center\"><h2 class=\"ekit-heading--title elementskit-section-title\">Zentrale Bildungsbereiche<\/h2><div class=\"ekit_heading_separetor_wraper ekit_heading_elementskit-border-divider elementskit-style-long\"><div class=\"elementskit-border-divider elementskit-style-long\"><\/div><\/div><\/div><\/div>\t\t\t\t<\/div>\n\t\t\t\t<\/div>\n\t\t\t\t<div class=\"elementor-element elementor-element-3c27a2a elementor-widget elementor-widget-text-editor\" data-id=\"3c27a2a\" data-element_type=\"widget\" data-widget_type=\"text-editor.default\">\n\t\t\t\t<div class=\"elementor-widget-container\">\n\t\t\t\t\t\t\t\t\t<h5><strong>Vorbereitung der Produktion<\/strong><\/h5><ul><li>Erfahren Sie mehr \u00fcber strategische Prozessplanung<\/li><li>Lernen Sie, die Schl\u00fcsselfaktoren zu identifizieren, die die Produktionseffizienz beeinflussen<\/li><li>Verst\u00e4ndnis f\u00fcr die Bedeutung der anf\u00e4nglichen Organisation und des konzeptionellen Entwurfs<\/li><\/ul><p>\u00a0<\/p><h5><strong>Abteilung Technik<\/strong><\/h5><ul><li>Entdecken Sie fortschrittliche technische L\u00f6sungen<\/li><li>Machen Sie sich mit modernen Entwurfs- und Simulationswerkzeugen vertraut<\/li><li>Lernen Sie die Methoden der Prozessoptimierung kennen<\/li><\/ul><p>\u00a0<\/p><h5><strong>Abteilung Metallbearbeitung<\/strong><\/h5><ul><li>Beherrschen Sie die Geheimnisse der pr\u00e4zisen Verarbeitung von Rohstoffen<\/li><li>Verstehen fortgeschrittener Metallbearbeitungstechniken<\/li><li>Erfahren Sie mehr \u00fcber spezialisierte Industrieausr\u00fcstung und Technologien<\/li><\/ul><p>\u00a0<\/p><h5><strong>Lagerhaltung und Logistik<\/strong><\/h5><ul><li>Lernen Sie effektives Ressourcenmanagement<\/li><li>Verstehen von Lagersystemen und Materialfluss<\/li><li>Entdecken Sie moderne Lagerverwaltungsl\u00f6sungen<\/li><\/ul><p>\u00a0<\/p><h5><strong>Versandabteilung<\/strong><\/h5><ul><li>Beherrschung der Verfahren zur Fertigstellung des Produktionsprozesses<\/li><li>Lernen Sie die Grunds\u00e4tze der Produktverpackung und -umh\u00fcllung kennen<\/li><li>Verst\u00e4ndnis der Vertriebs- und Transportlogistik<\/li><\/ul>\t\t\t\t\t\t\t\t<\/div>\n\t\t\t\t<\/div>\n\t\t\t\t\t<\/div>\n\t\t<\/div>\n\t\t\t\t<div class=\"elementor-column elementor-col-50 elementor-inner-column elementor-element elementor-element-68807f13\" data-id=\"68807f13\" data-element_type=\"column\" data-settings=\"{&quot;background_background&quot;:&quot;classic&quot;}\">\n\t\t\t<div class=\"elementor-widget-wrap elementor-element-populated\">\n\t\t\t\t\t\t<div class=\"elementor-element elementor-element-13f5d1d3 elementor-widget elementor-widget-spacer\" data-id=\"13f5d1d3\" data-element_type=\"widget\" data-widget_type=\"spacer.default\">\n\t\t\t\t<div class=\"elementor-widget-container\">\n\t\t\t\t\t\t\t<div class=\"elementor-spacer\">\n\t\t\t<div class=\"elementor-spacer-inner\"><\/div>\n\t\t<\/div>\n\t\t\t\t\t\t<\/div>\n\t\t\t\t<\/div>\n\t\t\t\t\t<\/div>\n\t\t<\/div>\n\t\t\t\t\t<\/div>\n\t\t<\/section>\n\t\t\t\t\t<\/div>\n\t\t<\/div>\n\t\t\t\t\t<\/div>\n\t\t<\/section>\n\t\t\t\t<section class=\"elementor-section elementor-top-section elementor-element elementor-element-792d974d elementor-section-boxed elementor-section-height-default elementor-section-height-default\" data-id=\"792d974d\" data-element_type=\"section\">\n\t\t\t\t\t\t<div class=\"elementor-container elementor-column-gap-default\">\n\t\t\t\t\t<div class=\"elementor-column elementor-col-100 elementor-top-column elementor-element elementor-element-716db18e\" data-id=\"716db18e\" data-element_type=\"column\">\n\t\t\t<div class=\"elementor-widget-wrap elementor-element-populated\">\n\t\t\t\t\t\t<section class=\"elementor-section elementor-inner-section elementor-element elementor-element-22d1dbff elementor-section-content-middle elementor-section-boxed elementor-section-height-default elementor-section-height-default\" data-id=\"22d1dbff\" data-element_type=\"section\">\n\t\t\t\t\t\t<div class=\"elementor-container elementor-column-gap-default\">\n\t\t\t\t\t<div class=\"elementor-column elementor-col-50 elementor-inner-column elementor-element elementor-element-15eb65b1\" data-id=\"15eb65b1\" data-element_type=\"column\" data-settings=\"{&quot;background_background&quot;:&quot;classic&quot;}\">\n\t\t\t<div class=\"elementor-widget-wrap elementor-element-populated\">\n\t\t\t\t\t\t<div class=\"elementor-element elementor-element-6ebf167d elementor-widget elementor-widget-spacer\" data-id=\"6ebf167d\" data-element_type=\"widget\" data-widget_type=\"spacer.default\">\n\t\t\t\t<div class=\"elementor-widget-container\">\n\t\t\t\t\t\t\t<div class=\"elementor-spacer\">\n\t\t\t<div class=\"elementor-spacer-inner\"><\/div>\n\t\t<\/div>\n\t\t\t\t\t\t<\/div>\n\t\t\t\t<\/div>\n\t\t\t\t\t<\/div>\n\t\t<\/div>\n\t\t\t\t<div class=\"elementor-column elementor-col-50 elementor-inner-column elementor-element elementor-element-288bcf02\" data-id=\"288bcf02\" data-element_type=\"column\">\n\t\t\t<div class=\"elementor-widget-wrap elementor-element-populated\">\n\t\t\t\t\t\t<div class=\"elementor-element elementor-element-132658f5 elementor-widget elementor-widget-elementskit-heading\" data-id=\"132658f5\" data-element_type=\"widget\" data-widget_type=\"elementskit-heading.default\">\n\t\t\t\t<div class=\"elementor-widget-container\">\n\t\t\t\t\t<div class=\"ekit-wid-con\" ><div class=\"ekit-heading elementskit-section-title-wraper text_left   ekit_heading_tablet-   ekit_heading_mobile-text_center\"><h2 class=\"ekit-heading--title elementskit-section-title\">Vorteile unseres Trainee-Programms<\/h2><div class=\"ekit_heading_separetor_wraper ekit_heading_elementskit-border-divider elementskit-style-long\"><div class=\"elementskit-border-divider elementskit-style-long\"><\/div><\/div><\/div><\/div>\t\t\t\t<\/div>\n\t\t\t\t<\/div>\n\t\t\t\t<div class=\"elementor-element elementor-element-383f6015 elementor-widget elementor-widget-text-editor\" data-id=\"383f6015\" data-element_type=\"widget\" data-widget_type=\"text-editor.default\">\n\t\t\t\t<div class=\"elementor-widget-container\">\n\t\t\t\t\t\t\t\t\t<ul class=\"[&amp;:not(:last-child)_ul]:pb-1 [&amp;:not(:last-child)_ol]:pb-1 list-disc space-y-1.5 pl-7\"><li class=\"whitespace-normal break-words\"><strong>Praktische Erfahrung:<\/strong> Direkter Kontakt mit dem realen industriellen Umfeld<\/li><li class=\"whitespace-normal break-words\"><strong>Experten-Mentoring:<\/strong> Individuelle Betreuung durch erfahrene Spezialisten<\/li><li class=\"whitespace-normal break-words\"><strong>Professionelles Networking:<\/strong> Gelegenheit, wertvolle Branchenkontakte zu kn\u00fcpfen<\/li><li class=\"whitespace-normal break-words\"><strong>Zertifizierung:<\/strong> Offizielle Best\u00e4tigung der erworbenen Kompetenzen<\/li><li class=\"whitespace-normal break-words\"><strong>Beruflicher Werdegang:<\/strong> Potenzielle Neueinstellungen in unserer Organisation<\/li><\/ul><h3>\u00a0<\/h3><h3 class=\"text-lg font-bold text-text-200 mt-1 -mb-1.5\">Unsere Bildungskooperation<\/h3><p class=\"whitespace-pre-wrap break-words\">Wir arbeiten eng mit f\u00fchrenden Unternehmen zusammen:<\/p><ul class=\"[&amp;:not(:last-child)_ul]:pb-1 [&amp;:not(:last-child)_ol]:pb-1 list-disc space-y-1.5 pl-7\"><li class=\"whitespace-normal break-words\">H\u00f6here technische Schulen<\/li><li class=\"whitespace-normal break-words\">Polytechnische Hochschulen<\/li><li class=\"whitespace-normal break-words\">Berufliche Schulen<\/li><\/ul><p>\u00a0<\/p><p class=\"whitespace-pre-wrap break-words\">Wir schlagen eine Br\u00fccke zwischen der akademischen Welt und dem dynamischen Industriemarkt und bieten unseren Auszubildenden einzigartige Entwicklungsm\u00f6glichkeiten.<\/p>\t\t\t\t\t\t\t\t<\/div>\n\t\t\t\t<\/div>\n\t\t\t\t\t<\/div>\n\t\t<\/div>\n\t\t\t\t\t<\/div>\n\t\t<\/section>\n\t\t\t\t\t<\/div>\n\t\t<\/div>\n\t\t\t\t\t<\/div>\n\t\t<\/section>\n\t\t\t\t<section class=\"elementor-section elementor-top-section elementor-element elementor-element-7069bb5c elementor-section-boxed elementor-section-height-default elementor-section-height-default\" data-id=\"7069bb5c\" data-element_type=\"section\">\n\t\t\t\t\t\t<div class=\"elementor-container elementor-column-gap-default\">\n\t\t\t\t\t<div class=\"elementor-column elementor-col-100 elementor-top-column elementor-element elementor-element-5bf76464\" data-id=\"5bf76464\" data-element_type=\"column\">\n\t\t\t<div class=\"elementor-widget-wrap elementor-element-populated\">\n\t\t\t\t\t\t<div class=\"elementor-element elementor-element-51fd2780 elementor-widget elementor-widget-text-editor\" data-id=\"51fd2780\" data-element_type=\"widget\" data-widget_type=\"text-editor.default\">\n\t\t\t\t<div class=\"elementor-widget-container\">\n\t\t\t\t\t\t\t\t\t<h3 class=\"text-lg font-bold text-text-200 mt-1 -mb-1.5\">Warum unsere Praxen w\u00e4hlen?<\/h3><p class=\"whitespace-pre-wrap break-words\">Unsere Praktiken sind nicht nur Beobachtung - sie sind <strong>eine vollwertige Berufsausbildung<\/strong>. Jeder Tag ist eine Chance, einzigartige F\u00e4higkeiten zu erlernen, die Sie auf dem Arbeitsmarkt auszeichnen werden.<\/p><p class=\"whitespace-pre-wrap break-words\"><strong>Verwandeln Sie Ihr theoretisches Wissen in berufliche Kompetenz!<\/strong><\/p><h3 class=\"text-lg font-bold text-text-200 mt-1 -mb-1.5\">Einstellungsprozess<\/h3><ol class=\"[&amp;:not(:last-child)_ul]:pb-1 [&amp;:not(:last-child)_ol]:pb-1 list-decimal space-y-1.5 pl-7\"><li class=\"whitespace-normal break-words\">Einreichung eines umfassenden Antragsformulars<\/li><li class=\"whitespace-normal break-words\">Interview<\/li><li class=\"whitespace-normal break-words\">Die richtige Abteilung finden<\/li><li class=\"whitespace-normal break-words\">Individuelles Entwicklungsprogramm<\/li><\/ol><p>\u00a0<\/p><h5 class=\"whitespace-pre-wrap break-words\"><strong>Lehrstellen - Ihr erster Schritt zum beruflichen Erfolg!<\/strong><\/h5>\t\t\t\t\t\t\t\t<\/div>\n\t\t\t\t<\/div>\n\t\t\t\t\t<\/div>\n\t\t<\/div>\n\t\t\t\t\t<\/div>\n\t\t<\/section>\n\t\t\t\t<\/div>","protected":false},"excerpt":{"rendered":"<p>Ausbildung \"Wissen flie\u00dft durch die H\u00e4nde, Erfahrung wird im Handeln geboren\" Lernschwerpunkte Produktionsvorbereitung Erlernen der strategischen Prozessplanung Erlernen des Erkennens von Schl\u00fcsselfaktoren, die die Produktionseffizienz beeinflussen Verstehen der Bedeutung von Vororganisation und Konzeption Technologieabteilung Entdecken fortschrittlicher technischer L\u00f6sungen Erkunden moderner Konstruktions- und Simulationswerkzeuge Erlernen von Optimierungsmethoden [...].<\/p>","protected":false},"author":5,"featured_media":0,"parent":0,"menu_order":0,"comment_status":"closed","ping_status":"closed","template":"","meta":{"footnotes":""},"class_list":["post-2976","page","type-page","status-publish","hentry"],"yoast_head":"<!-- This site is optimized with the Yoast SEO Premium plugin v21.7 (Yoast SEO v21.7) - https:\/\/yoast.com\/wordpress\/plugins\/seo\/ -->\n<title>Praktyki Zawodowe CNC | Nauka i Kszta\u0142cenie w ZAMEL ZME<\/title>\n<meta name=\"description\" content=\"Oferujemy praktyki zawodowe dla uczni\u00f3w szk\u00f3\u0142 bran\u017cowych \u2013 nauka obs\u0142ugi maszyn CNC, pomiary i rysunek techniczny.\" \/>\n<meta name=\"robots\" content=\"index, follow, max-snippet:-1, max-image-preview:large, max-video-preview:-1\" \/>\n<link rel=\"canonical\" href=\"https:\/\/zamel-zme.com.pl\/de\/praktyki-zawodowe-2\/\" \/>\n<meta property=\"og:locale\" content=\"de_DE\" \/>\n<meta property=\"og:type\" content=\"article\" \/>\n<meta property=\"og:title\" content=\"Praktyki Zawodowe\" \/>\n<meta property=\"og:description\" content=\"Oferujemy praktyki zawodowe dla uczni\u00f3w szk\u00f3\u0142 bran\u017cowych \u2013 nauka obs\u0142ugi maszyn CNC, pomiary i rysunek techniczny.\" \/>\n<meta property=\"og:url\" content=\"https:\/\/zamel-zme.com.pl\/de\/praktyki-zawodowe-2\/\" \/>\n<meta property=\"og:site_name\" content=\"Zak\u0142ad Mechaniczny ZAMEL Sp. z o.o.\" \/>\n<meta property=\"article:modified_time\" content=\"2025-02-13T12:12:34+00:00\" \/>\n<meta name=\"twitter:card\" content=\"summary_large_image\" \/>\n<meta name=\"twitter:label1\" content=\"Gesch\u00e4tzte Lesezeit\" \/>\n\t<meta name=\"twitter:data1\" content=\"2\u00a0Minuten\" \/>\n<script type=\"application\/ld+json\" class=\"yoast-schema-graph\">{\"@context\":\"https:\/\/schema.org\",\"@graph\":[{\"@type\":\"WebPage\",\"@id\":\"https:\/\/zamel-zme.com.pl\/praktyki-zawodowe-2\/\",\"url\":\"https:\/\/zamel-zme.com.pl\/praktyki-zawodowe-2\/\",\"name\":\"Praktyki Zawodowe CNC | Nauka i Kszta\u0142cenie w ZAMEL ZME\",\"isPartOf\":{\"@id\":\"https:\/\/zamel-zme.com.pl\/#website\"},\"datePublished\":\"2025-02-07T16:44:55+00:00\",\"dateModified\":\"2025-02-13T12:12:34+00:00\",\"description\":\"Oferujemy praktyki zawodowe dla uczni\u00f3w szk\u00f3\u0142 bran\u017cowych \u2013 nauka obs\u0142ugi maszyn CNC, pomiary i rysunek techniczny.\",\"breadcrumb\":{\"@id\":\"https:\/\/zamel-zme.com.pl\/praktyki-zawodowe-2\/#breadcrumb\"},\"inLanguage\":\"de\",\"potentialAction\":[{\"@type\":\"ReadAction\",\"target\":[\"https:\/\/zamel-zme.com.pl\/praktyki-zawodowe-2\/\"]}]},{\"@type\":\"BreadcrumbList\",\"@id\":\"https:\/\/zamel-zme.com.pl\/praktyki-zawodowe-2\/#breadcrumb\",\"itemListElement\":[{\"@type\":\"ListItem\",\"position\":1,\"name\":\"Home\",\"item\":\"https:\/\/zamel-zme.com.pl\/\"},{\"@type\":\"ListItem\",\"position\":2,\"name\":\"Praktyki Zawodowe\"}]},{\"@type\":\"WebSite\",\"@id\":\"https:\/\/zamel-zme.com.pl\/#website\",\"url\":\"https:\/\/zamel-zme.com.pl\/\",\"name\":\"Zak\u0142ad Mechaniczny ZAMEL Sp. z o.o.\",\"description\":\"\",\"potentialAction\":[{\"@type\":\"SearchAction\",\"target\":{\"@type\":\"EntryPoint\",\"urlTemplate\":\"https:\/\/zamel-zme.com.pl\/?s={search_term_string}\"},\"query-input\":\"required name=search_term_string\"}],\"inLanguage\":\"de\"}]}<\/script>\n<!-- \/ Yoast SEO Premium plugin. -->","yoast_head_json":{"title":"Praktyki Zawodowe CNC | Nauka i Kszta\u0142cenie w ZAMEL ZME","description":"Oferujemy praktyki zawodowe dla uczni\u00f3w szk\u00f3\u0142 bran\u017cowych \u2013 nauka obs\u0142ugi maszyn CNC, pomiary i rysunek techniczny.","robots":{"index":"index","follow":"follow","max-snippet":"max-snippet:-1","max-image-preview":"max-image-preview:large","max-video-preview":"max-video-preview:-1"},"canonical":"https:\/\/zamel-zme.com.pl\/de\/praktyki-zawodowe-2\/","og_locale":"de_DE","og_type":"article","og_title":"Praktyki Zawodowe","og_description":"Oferujemy praktyki zawodowe dla uczni\u00f3w szk\u00f3\u0142 bran\u017cowych \u2013 nauka obs\u0142ugi maszyn CNC, pomiary i rysunek techniczny.","og_url":"https:\/\/zamel-zme.com.pl\/de\/praktyki-zawodowe-2\/","og_site_name":"Zak\u0142ad Mechaniczny ZAMEL Sp. z o.o.","article_modified_time":"2025-02-13T12:12:34+00:00","twitter_card":"summary_large_image","twitter_misc":{"Gesch\u00e4tzte Lesezeit":"2\u00a0Minuten"},"schema":{"@context":"https:\/\/schema.org","@graph":[{"@type":"WebPage","@id":"https:\/\/zamel-zme.com.pl\/praktyki-zawodowe-2\/","url":"https:\/\/zamel-zme.com.pl\/praktyki-zawodowe-2\/","name":"Praktyki Zawodowe CNC | Nauka i Kszta\u0142cenie w ZAMEL ZME","isPartOf":{"@id":"https:\/\/zamel-zme.com.pl\/#website"},"datePublished":"2025-02-07T16:44:55+00:00","dateModified":"2025-02-13T12:12:34+00:00","description":"Oferujemy praktyki zawodowe dla uczni\u00f3w szk\u00f3\u0142 bran\u017cowych \u2013 nauka obs\u0142ugi maszyn CNC, pomiary i rysunek techniczny.","breadcrumb":{"@id":"https:\/\/zamel-zme.com.pl\/praktyki-zawodowe-2\/#breadcrumb"},"inLanguage":"de","potentialAction":[{"@type":"ReadAction","target":["https:\/\/zamel-zme.com.pl\/praktyki-zawodowe-2\/"]}]},{"@type":"BreadcrumbList","@id":"https:\/\/zamel-zme.com.pl\/praktyki-zawodowe-2\/#breadcrumb","itemListElement":[{"@type":"ListItem","position":1,"name":"Home","item":"https:\/\/zamel-zme.com.pl\/"},{"@type":"ListItem","position":2,"name":"Praktyki Zawodowe"}]},{"@type":"WebSite","@id":"https:\/\/zamel-zme.com.pl\/#website","url":"https:\/\/zamel-zme.com.pl\/","name":"Zak\u0142ad Mechaniczny ZAMEL Sp. z o.o.","description":"","potentialAction":[{"@type":"SearchAction","target":{"@type":"EntryPoint","urlTemplate":"https:\/\/zamel-zme.com.pl\/?s={search_term_string}"},"query-input":"required name=search_term_string"}],"inLanguage":"de"}]}},"_links":{"self":[{"href":"https:\/\/zamel-zme.com.pl\/de\/wp-json\/wp\/v2\/pages\/2976","targetHints":{"allow":["GET"]}}],"collection":[{"href":"https:\/\/zamel-zme.com.pl\/de\/wp-json\/wp\/v2\/pages"}],"about":[{"href":"https:\/\/zamel-zme.com.pl\/de\/wp-json\/wp\/v2\/types\/page"}],"author":[{"embeddable":true,"href":"https:\/\/zamel-zme.com.pl\/de\/wp-json\/wp\/v2\/users\/5"}],"replies":[{"embeddable":true,"href":"https:\/\/zamel-zme.com.pl\/de\/wp-json\/wp\/v2\/comments?post=2976"}],"version-history":[{"count":40,"href":"https:\/\/zamel-zme.com.pl\/de\/wp-json\/wp\/v2\/pages\/2976\/revisions"}],"predecessor-version":[{"id":3239,"href":"https:\/\/zamel-zme.com.pl\/de\/wp-json\/wp\/v2\/pages\/2976\/revisions\/3239"}],"wp:attachment":[{"href":"https:\/\/zamel-zme.com.pl\/de\/wp-json\/wp\/v2\/media?parent=2976"}],"curies":[{"name":"wp","href":"https:\/\/api.w.org\/{rel}","templated":true}]}}