{"id":2962,"date":"2025-02-07T17:32:52","date_gmt":"2025-02-07T16:32:52","guid":{"rendered":"https:\/\/zamel-zme.com.pl\/?page_id=2962"},"modified":"2025-02-13T13:11:44","modified_gmt":"2025-02-13T12:11:44","slug":"ksztalcenie-uczniow-2","status":"publish","type":"page","link":"https:\/\/zamel-zme.com.pl\/en\/ksztalcenie-uczniow-2\/","title":{"rendered":"Educating students"},"content":{"rendered":"<div data-elementor-type=\"wp-page\" data-elementor-id=\"2962\" class=\"elementor elementor-2962\" data-elementor-post-type=\"page\">\n\t\t\t\t\t\t<section class=\"elementor-section elementor-top-section elementor-element elementor-element-c8abfd elementor-section-full_width elementor-section-height-min-height elementor-section-height-default elementor-section-items-middle\" data-id=\"c8abfd\" data-element_type=\"section\" data-settings=\"{&quot;background_background&quot;:&quot;video&quot;,&quot;background_video_link&quot;:&quot;https:\\\/\\\/zamel-zme.com.pl\\\/wp-content\\\/uploads\\\/2025\\\/01\\\/Zamel_Main2.webm&quot;,&quot;background_play_on_mobile&quot;:&quot;yes&quot;}\">\n\t\t\t\t\t\t\t\t<div class=\"elementor-background-video-container\">\n\t\t\t\t\t\t\t\t\t\t\t\t\t<video class=\"elementor-background-video-hosted\" autoplay muted playsinline loop><\/video>\n\t\t\t\t\t\t\t\t\t\t\t<\/div>\n\t\t\t\t\t\t\t\t\t<div class=\"elementor-background-overlay\"><\/div>\n\t\t\t\t\t\t\t<div class=\"elementor-container elementor-column-gap-default\">\n\t\t\t\t\t<div class=\"elementor-column elementor-col-100 elementor-top-column elementor-element elementor-element-1d571117\" data-id=\"1d571117\" data-element_type=\"column\">\n\t\t\t<div class=\"elementor-widget-wrap elementor-element-populated\">\n\t\t\t\t\t\t<section class=\"elementor-section elementor-inner-section elementor-element elementor-element-7361d741 elementor-section-boxed elementor-section-height-default elementor-section-height-default\" data-id=\"7361d741\" data-element_type=\"section\">\n\t\t\t\t\t\t<div class=\"elementor-container elementor-column-gap-default\">\n\t\t\t\t\t<div class=\"elementor-column elementor-col-50 elementor-inner-column elementor-element elementor-element-f7c8c0c\" data-id=\"f7c8c0c\" data-element_type=\"column\" data-settings=\"{&quot;background_background&quot;:&quot;classic&quot;}\">\n\t\t\t<div class=\"elementor-widget-wrap elementor-element-populated\">\n\t\t\t\t\t<div class=\"elementor-background-overlay\"><\/div>\n\t\t\t\t\t\t<div class=\"elementor-element elementor-element-2c4d985c elementor-widget elementor-widget-elementskit-heading\" data-id=\"2c4d985c\" data-element_type=\"widget\" data-widget_type=\"elementskit-heading.default\">\n\t\t\t\t<div class=\"elementor-widget-container\">\n\t\t\t\t\t<div class=\"ekit-wid-con\" ><div class=\"ekit-heading elementskit-section-title-wraper text_left   ekit_heading_tablet-   ekit_heading_mobile-text_center\"><h1 class=\"ekit-heading--title elementskit-section-title\">Education <span><span>students<\/span><\/span><\/h1><div class=\"ekit_heading_separetor_wraper ekit_heading_elementskit-border-divider elementskit-style-long\"><div class=\"elementskit-border-divider elementskit-style-long\"><\/div><\/div><\/div><\/div>\t\t\t\t<\/div>\n\t\t\t\t<\/div>\n\t\t\t\t<div class=\"elementor-element elementor-element-7ab4f751 elementor-widget elementor-widget-text-editor\" data-id=\"7ab4f751\" data-element_type=\"widget\" data-widget_type=\"text-editor.default\">\n\t\t\t\t<div class=\"elementor-widget-container\">\n\t\t\t\t\t\t\t\t\t<p data-pm-slice=\"1 1 []\"><em>\"Your future starts here - get practical skills and grow under the guidance of experts.\"<\/em><\/p>\t\t\t\t\t\t\t\t<\/div>\n\t\t\t\t<\/div>\n\t\t\t\t\t<\/div>\n\t\t<\/div>\n\t\t\t\t<div class=\"elementor-column elementor-col-50 elementor-inner-column elementor-element elementor-element-7e64ede6\" data-id=\"7e64ede6\" data-element_type=\"column\">\n\t\t\t<div class=\"elementor-widget-wrap\">\n\t\t\t\t\t\t\t<\/div>\n\t\t<\/div>\n\t\t\t\t\t<\/div>\n\t\t<\/section>\n\t\t\t\t\t<\/div>\n\t\t<\/div>\n\t\t\t\t\t<\/div>\n\t\t<\/section>\n\t\t\t\t<section class=\"elementor-section elementor-top-section elementor-element elementor-element-762e1876 elementor-section-boxed elementor-section-height-default elementor-section-height-default\" data-id=\"762e1876\" data-element_type=\"section\">\n\t\t\t\t\t\t<div class=\"elementor-container elementor-column-gap-default\">\n\t\t\t\t\t<div class=\"elementor-column elementor-col-100 elementor-top-column elementor-element elementor-element-7ababbc2\" data-id=\"7ababbc2\" data-element_type=\"column\">\n\t\t\t<div class=\"elementor-widget-wrap\">\n\t\t\t\t\t\t\t<\/div>\n\t\t<\/div>\n\t\t\t\t\t<\/div>\n\t\t<\/section>\n\t\t\t\t<section class=\"elementor-section elementor-top-section elementor-element elementor-element-69a93191 elementor-section-boxed elementor-section-height-default elementor-section-height-default\" data-id=\"69a93191\" data-element_type=\"section\">\n\t\t\t\t\t\t<div class=\"elementor-container elementor-column-gap-default\">\n\t\t\t\t\t<div class=\"elementor-column elementor-col-100 elementor-top-column elementor-element elementor-element-408babd7\" data-id=\"408babd7\" data-element_type=\"column\">\n\t\t\t<div class=\"elementor-widget-wrap elementor-element-populated\">\n\t\t\t\t\t\t<section class=\"elementor-section elementor-inner-section elementor-element elementor-element-7d3ce671 elementor-reverse-mobile elementor-section-boxed elementor-section-height-default elementor-section-height-default\" data-id=\"7d3ce671\" data-element_type=\"section\">\n\t\t\t\t\t\t<div class=\"elementor-container elementor-column-gap-default\">\n\t\t\t\t\t<div class=\"elementor-column elementor-col-50 elementor-inner-column elementor-element elementor-element-47892552\" data-id=\"47892552\" data-element_type=\"column\">\n\t\t\t<div class=\"elementor-widget-wrap elementor-element-populated\">\n\t\t\t\t\t\t<div class=\"elementor-element elementor-element-7430364f elementor-widget elementor-widget-elementskit-heading\" data-id=\"7430364f\" data-element_type=\"widget\" data-widget_type=\"elementskit-heading.default\">\n\t\t\t\t<div class=\"elementor-widget-container\">\n\t\t\t\t\t<div class=\"ekit-wid-con\" ><div class=\"ekit-heading elementskit-section-title-wraper text_left   ekit_heading_tablet-   ekit_heading_mobile-text_center\"><h2 class=\"ekit-heading--title elementskit-section-title\">Educating Students - Gain Experience in Modern Industry<\/h2><div class=\"ekit_heading_separetor_wraper ekit_heading_elementskit-border-divider elementskit-style-long\"><div class=\"elementskit-border-divider elementskit-style-long\"><\/div><\/div><\/div><\/div>\t\t\t\t<\/div>\n\t\t\t\t<\/div>\n\t\t\t\t<div class=\"elementor-element elementor-element-2c00b781 elementor-widget elementor-widget-text-editor\" data-id=\"2c00b781\" data-element_type=\"widget\" data-widget_type=\"text-editor.default\">\n\t\t\t\t<div class=\"elementor-widget-container\">\n\t\t\t\t\t\t\t\t\t<p data-pm-slice=\"1 1 []\">Our company actively supports the development of young talent through cooperation with industry schools. We offer apprenticeships that allow students to gain valuable experience and skills necessary in modern industry.<\/p>\t\t\t\t\t\t\t\t<\/div>\n\t\t\t\t<\/div>\n\t\t\t\t<div class=\"elementor-element elementor-element-42ebde5 elementor-widget elementor-widget-text-editor\" data-id=\"42ebde5\" data-element_type=\"widget\" data-widget_type=\"text-editor.default\">\n\t\t\t\t<div class=\"elementor-widget-container\">\n\t\t\t\t\t\t\t\t\t<h5 data-pm-slice=\"1 3 []\"><strong>What does learning look like in our company?<\/strong><\/h5><p>We offer a 3-year practical vocational training program in cooperation with a first-level trade school:<\/p><ul data-spread=\"false\"><li><p><strong>1st and 2nd class<\/strong> - Students study 3 days at school and 2 days at our company.<\/p><\/li><li><p><strong>3rd grade<\/strong> - Students study 2 days at school and 3 days at our company.<\/p><\/li><\/ul><p>Upon completion of education, students:<\/p><ul data-spread=\"false\"><li><p>They can continue their education at a second-level trade school.<\/p><\/li><li><p>They have the opportunity to take up employment with our company and further their professional development.<\/p><\/li><\/ul>\t\t\t\t\t\t\t\t<\/div>\n\t\t\t\t<\/div>\n\t\t\t\t\t<\/div>\n\t\t<\/div>\n\t\t\t\t<div class=\"elementor-column elementor-col-50 elementor-inner-column elementor-element elementor-element-5249cebb\" data-id=\"5249cebb\" data-element_type=\"column\" data-settings=\"{&quot;background_background&quot;:&quot;classic&quot;}\">\n\t\t\t<div class=\"elementor-widget-wrap elementor-element-populated\">\n\t\t\t\t\t\t<div class=\"elementor-element elementor-element-61b036a1 elementor-widget elementor-widget-spacer\" data-id=\"61b036a1\" data-element_type=\"widget\" data-widget_type=\"spacer.default\">\n\t\t\t\t<div class=\"elementor-widget-container\">\n\t\t\t\t\t\t\t<div class=\"elementor-spacer\">\n\t\t\t<div class=\"elementor-spacer-inner\"><\/div>\n\t\t<\/div>\n\t\t\t\t\t\t<\/div>\n\t\t\t\t<\/div>\n\t\t\t\t\t<\/div>\n\t\t<\/div>\n\t\t\t\t\t<\/div>\n\t\t<\/section>\n\t\t\t\t\t<\/div>\n\t\t<\/div>\n\t\t\t\t\t<\/div>\n\t\t<\/section>\n\t\t\t\t<section class=\"elementor-section elementor-top-section elementor-element elementor-element-d24e37c elementor-section-boxed elementor-section-height-default elementor-section-height-default\" data-id=\"d24e37c\" data-element_type=\"section\">\n\t\t\t\t\t\t<div class=\"elementor-container elementor-column-gap-default\">\n\t\t\t\t\t<div class=\"elementor-column elementor-col-100 elementor-top-column elementor-element elementor-element-38ecab8d\" data-id=\"38ecab8d\" data-element_type=\"column\">\n\t\t\t<div class=\"elementor-widget-wrap elementor-element-populated\">\n\t\t\t\t\t\t<section class=\"elementor-section elementor-inner-section elementor-element elementor-element-67bb824a elementor-section-content-middle elementor-section-boxed elementor-section-height-default elementor-section-height-default\" data-id=\"67bb824a\" data-element_type=\"section\">\n\t\t\t\t\t\t<div class=\"elementor-container elementor-column-gap-default\">\n\t\t\t\t\t<div class=\"elementor-column elementor-col-50 elementor-inner-column elementor-element elementor-element-b92575d\" data-id=\"b92575d\" data-element_type=\"column\" data-settings=\"{&quot;background_background&quot;:&quot;classic&quot;}\">\n\t\t\t<div class=\"elementor-widget-wrap elementor-element-populated\">\n\t\t\t\t\t\t<div class=\"elementor-element elementor-element-76014be6 elementor-widget elementor-widget-spacer\" data-id=\"76014be6\" data-element_type=\"widget\" data-widget_type=\"spacer.default\">\n\t\t\t\t<div class=\"elementor-widget-container\">\n\t\t\t\t\t\t\t<div class=\"elementor-spacer\">\n\t\t\t<div class=\"elementor-spacer-inner\"><\/div>\n\t\t<\/div>\n\t\t\t\t\t\t<\/div>\n\t\t\t\t<\/div>\n\t\t\t\t\t<\/div>\n\t\t<\/div>\n\t\t\t\t<div class=\"elementor-column elementor-col-50 elementor-inner-column elementor-element elementor-element-4f2c5790\" data-id=\"4f2c5790\" data-element_type=\"column\">\n\t\t\t<div class=\"elementor-widget-wrap elementor-element-populated\">\n\t\t\t\t\t\t<div class=\"elementor-element elementor-element-13ed49b6 elementor-widget elementor-widget-elementskit-heading\" data-id=\"13ed49b6\" data-element_type=\"widget\" data-widget_type=\"elementskit-heading.default\">\n\t\t\t\t<div class=\"elementor-widget-container\">\n\t\t\t\t\t<div class=\"ekit-wid-con\" ><div class=\"ekit-heading elementskit-section-title-wraper text_left   ekit_heading_tablet-   ekit_heading_mobile-text_center\"><h2 class=\"ekit-heading--title elementskit-section-title\">What can you learn with us?<\/h2><div class=\"ekit_heading_separetor_wraper ekit_heading_elementskit-border-divider elementskit-style-long\"><div class=\"elementskit-border-divider elementskit-style-long\"><\/div><\/div><\/div><\/div>\t\t\t\t<\/div>\n\t\t\t\t<\/div>\n\t\t\t\t<div class=\"elementor-element elementor-element-66baa5b8 elementor-widget elementor-widget-text-editor\" data-id=\"66baa5b8\" data-element_type=\"widget\" data-widget_type=\"text-editor.default\">\n\t\t\t\t<div class=\"elementor-widget-container\">\n\t\t\t\t\t\t\t\t\t<p data-pm-slice=\"1 3 []\">While learning, our students gain knowledge and skills in:<\/p><ul data-spread=\"false\"><li><p>Operate modern CNC machines and traditional conventional machines.<\/p><\/li><li><p>Reading and interpreting technical drawing.<\/p><\/li><li><p>Methods of measurement and operation of precision inspection and measuring tools.<\/p><\/li><li><p>Machining technologies and modern production methods.<\/p><\/li><\/ul>\t\t\t\t\t\t\t\t<\/div>\n\t\t\t\t<\/div>\n\t\t\t\t\t<\/div>\n\t\t<\/div>\n\t\t\t\t\t<\/div>\n\t\t<\/section>\n\t\t\t\t\t<\/div>\n\t\t<\/div>\n\t\t\t\t\t<\/div>\n\t\t<\/section>\n\t\t\t\t<section class=\"elementor-section elementor-top-section elementor-element elementor-element-5be3a9ff elementor-section-boxed elementor-section-height-default elementor-section-height-default\" data-id=\"5be3a9ff\" data-element_type=\"section\">\n\t\t\t\t\t\t<div class=\"elementor-container elementor-column-gap-default\">\n\t\t\t\t\t<div class=\"elementor-column elementor-col-100 elementor-top-column elementor-element elementor-element-148a2785\" data-id=\"148a2785\" data-element_type=\"column\">\n\t\t\t<div class=\"elementor-widget-wrap elementor-element-populated\">\n\t\t\t\t\t\t<div class=\"elementor-element elementor-element-14f26b2 elementor-widget elementor-widget-text-editor\" data-id=\"14f26b2\" data-element_type=\"widget\" data-widget_type=\"text-editor.default\">\n\t\t\t\t<div class=\"elementor-widget-container\">\n\t\t\t\t\t\t\t\t\t<h3 data-pm-slice=\"1 1 []\"><strong>Why choose Us?<\/strong><\/h3><ul data-spread=\"false\"><li><p><strong>Work with an experienced team<\/strong> - Our specialists are eager to share their knowledge.<\/p><\/li><li><p><strong>Modern technologies<\/strong> - We work on the latest generation of equipment.<\/p><\/li><li><p><strong>Possibility of employment after graduation<\/strong> - We offer the best trainees a permanent place in our team.<\/p><\/li><li><p><strong>Realistic professional skills<\/strong> - You gain practical experience that will open the door to a career in industry.<\/p><\/li><\/ul><p>If you want to gain practical skills in a fast-growing company and start your career path in the metal industry, contact us!<\/p><p><strong>Join us and develop your future today!<\/strong><\/p>\t\t\t\t\t\t\t\t<\/div>\n\t\t\t\t<\/div>\n\t\t\t\t\t<\/div>\n\t\t<\/div>\n\t\t\t\t\t<\/div>\n\t\t<\/section>\n\t\t\t\t<\/div>","protected":false},"excerpt":{"rendered":"<p>Student Education \"Your future starts here - gain practical skills and grow under the guidance of experts.\" Student Education - Gain Experience in Modern Industry Our company actively supports the development of young talents through cooperation with industry schools. We offer apprenticeships that allow students to gain valuable experience and skills necessary in modern industry. What is the learning [...]<\/p>","protected":false},"author":5,"featured_media":0,"parent":0,"menu_order":0,"comment_status":"closed","ping_status":"closed","template":"","meta":{"footnotes":""},"class_list":["post-2962","page","type-page","status-publish","hentry"],"yoast_head":"<!-- This site is optimized with the Yoast SEO Premium plugin v21.7 (Yoast SEO v21.7) - https:\/\/yoast.com\/wordpress\/plugins\/seo\/ -->\n<title>Kszta\u0142cenie Uczni\u00f3w \u2013 Praktyki Zawodowe w ZAMEL<\/title>\n<meta name=\"description\" content=\"Wsp\u00f3\u0142pracujemy ze szko\u0142ami bran\u017cowymi, oferuj\u0105c uczniom praktyki zawodowe w zakresie obr\u00f3bki metali. Zdob\u0105d\u017a do\u015bwiadczenie i rozwijaj si\u0119 z nami\" \/>\n<meta name=\"robots\" content=\"index, follow, max-snippet:-1, max-image-preview:large, max-video-preview:-1\" \/>\n<link rel=\"canonical\" href=\"https:\/\/zamel-zme.com.pl\/en\/ksztalcenie-uczniow-2\/\" \/>\n<meta property=\"og:locale\" content=\"en_US\" \/>\n<meta property=\"og:type\" content=\"article\" \/>\n<meta property=\"og:title\" content=\"Kszta\u0142cenie uczni\u00f3w\" \/>\n<meta property=\"og:description\" content=\"Wsp\u00f3\u0142pracujemy ze szko\u0142ami bran\u017cowymi, oferuj\u0105c uczniom praktyki zawodowe w zakresie obr\u00f3bki metali. Zdob\u0105d\u017a do\u015bwiadczenie i rozwijaj si\u0119 z nami\" \/>\n<meta property=\"og:url\" content=\"https:\/\/zamel-zme.com.pl\/en\/ksztalcenie-uczniow-2\/\" \/>\n<meta property=\"og:site_name\" content=\"Zak\u0142ad Mechaniczny ZAMEL Sp. z o.o.\" \/>\n<meta property=\"article:modified_time\" content=\"2025-02-13T12:11:44+00:00\" \/>\n<meta name=\"twitter:card\" content=\"summary_large_image\" \/>\n<meta name=\"twitter:label1\" content=\"Est. reading time\" \/>\n\t<meta name=\"twitter:data1\" content=\"2 minutes\" \/>\n<script type=\"application\/ld+json\" class=\"yoast-schema-graph\">{\"@context\":\"https:\/\/schema.org\",\"@graph\":[{\"@type\":\"WebPage\",\"@id\":\"https:\/\/zamel-zme.com.pl\/ksztalcenie-uczniow-2\/\",\"url\":\"https:\/\/zamel-zme.com.pl\/ksztalcenie-uczniow-2\/\",\"name\":\"Kszta\u0142cenie Uczni\u00f3w \u2013 Praktyki Zawodowe w ZAMEL\",\"isPartOf\":{\"@id\":\"https:\/\/zamel-zme.com.pl\/#website\"},\"datePublished\":\"2025-02-07T16:32:52+00:00\",\"dateModified\":\"2025-02-13T12:11:44+00:00\",\"description\":\"Wsp\u00f3\u0142pracujemy ze szko\u0142ami bran\u017cowymi, oferuj\u0105c uczniom praktyki zawodowe w zakresie obr\u00f3bki metali. Zdob\u0105d\u017a do\u015bwiadczenie i rozwijaj si\u0119 z nami\",\"breadcrumb\":{\"@id\":\"https:\/\/zamel-zme.com.pl\/ksztalcenie-uczniow-2\/#breadcrumb\"},\"inLanguage\":\"en-US\",\"potentialAction\":[{\"@type\":\"ReadAction\",\"target\":[\"https:\/\/zamel-zme.com.pl\/ksztalcenie-uczniow-2\/\"]}]},{\"@type\":\"BreadcrumbList\",\"@id\":\"https:\/\/zamel-zme.com.pl\/ksztalcenie-uczniow-2\/#breadcrumb\",\"itemListElement\":[{\"@type\":\"ListItem\",\"position\":1,\"name\":\"Home\",\"item\":\"https:\/\/zamel-zme.com.pl\/\"},{\"@type\":\"ListItem\",\"position\":2,\"name\":\"Kszta\u0142cenie uczni\u00f3w\"}]},{\"@type\":\"WebSite\",\"@id\":\"https:\/\/zamel-zme.com.pl\/#website\",\"url\":\"https:\/\/zamel-zme.com.pl\/\",\"name\":\"Zak\u0142ad Mechaniczny ZAMEL Sp. z o.o.\",\"description\":\"\",\"potentialAction\":[{\"@type\":\"SearchAction\",\"target\":{\"@type\":\"EntryPoint\",\"urlTemplate\":\"https:\/\/zamel-zme.com.pl\/?s={search_term_string}\"},\"query-input\":\"required name=search_term_string\"}],\"inLanguage\":\"en-US\"}]}<\/script>\n<!-- \/ Yoast SEO Premium plugin. -->","yoast_head_json":{"title":"Kszta\u0142cenie Uczni\u00f3w \u2013 Praktyki Zawodowe w ZAMEL","description":"Wsp\u00f3\u0142pracujemy ze szko\u0142ami bran\u017cowymi, oferuj\u0105c uczniom praktyki zawodowe w zakresie obr\u00f3bki metali. Zdob\u0105d\u017a do\u015bwiadczenie i rozwijaj si\u0119 z nami","robots":{"index":"index","follow":"follow","max-snippet":"max-snippet:-1","max-image-preview":"max-image-preview:large","max-video-preview":"max-video-preview:-1"},"canonical":"https:\/\/zamel-zme.com.pl\/en\/ksztalcenie-uczniow-2\/","og_locale":"en_US","og_type":"article","og_title":"Kszta\u0142cenie uczni\u00f3w","og_description":"Wsp\u00f3\u0142pracujemy ze szko\u0142ami bran\u017cowymi, oferuj\u0105c uczniom praktyki zawodowe w zakresie obr\u00f3bki metali. Zdob\u0105d\u017a do\u015bwiadczenie i rozwijaj si\u0119 z nami","og_url":"https:\/\/zamel-zme.com.pl\/en\/ksztalcenie-uczniow-2\/","og_site_name":"Zak\u0142ad Mechaniczny ZAMEL Sp. z o.o.","article_modified_time":"2025-02-13T12:11:44+00:00","twitter_card":"summary_large_image","twitter_misc":{"Est. reading time":"2 minutes"},"schema":{"@context":"https:\/\/schema.org","@graph":[{"@type":"WebPage","@id":"https:\/\/zamel-zme.com.pl\/ksztalcenie-uczniow-2\/","url":"https:\/\/zamel-zme.com.pl\/ksztalcenie-uczniow-2\/","name":"Kszta\u0142cenie Uczni\u00f3w \u2013 Praktyki Zawodowe w ZAMEL","isPartOf":{"@id":"https:\/\/zamel-zme.com.pl\/#website"},"datePublished":"2025-02-07T16:32:52+00:00","dateModified":"2025-02-13T12:11:44+00:00","description":"Wsp\u00f3\u0142pracujemy ze szko\u0142ami bran\u017cowymi, oferuj\u0105c uczniom praktyki zawodowe w zakresie obr\u00f3bki metali. Zdob\u0105d\u017a do\u015bwiadczenie i rozwijaj si\u0119 z nami","breadcrumb":{"@id":"https:\/\/zamel-zme.com.pl\/ksztalcenie-uczniow-2\/#breadcrumb"},"inLanguage":"en-US","potentialAction":[{"@type":"ReadAction","target":["https:\/\/zamel-zme.com.pl\/ksztalcenie-uczniow-2\/"]}]},{"@type":"BreadcrumbList","@id":"https:\/\/zamel-zme.com.pl\/ksztalcenie-uczniow-2\/#breadcrumb","itemListElement":[{"@type":"ListItem","position":1,"name":"Home","item":"https:\/\/zamel-zme.com.pl\/"},{"@type":"ListItem","position":2,"name":"Kszta\u0142cenie uczni\u00f3w"}]},{"@type":"WebSite","@id":"https:\/\/zamel-zme.com.pl\/#website","url":"https:\/\/zamel-zme.com.pl\/","name":"Zak\u0142ad Mechaniczny ZAMEL Sp. z o.o.","description":"","potentialAction":[{"@type":"SearchAction","target":{"@type":"EntryPoint","urlTemplate":"https:\/\/zamel-zme.com.pl\/?s={search_term_string}"},"query-input":"required name=search_term_string"}],"inLanguage":"en-US"}]}},"_links":{"self":[{"href":"https:\/\/zamel-zme.com.pl\/en\/wp-json\/wp\/v2\/pages\/2962","targetHints":{"allow":["GET"]}}],"collection":[{"href":"https:\/\/zamel-zme.com.pl\/en\/wp-json\/wp\/v2\/pages"}],"about":[{"href":"https:\/\/zamel-zme.com.pl\/en\/wp-json\/wp\/v2\/types\/page"}],"author":[{"embeddable":true,"href":"https:\/\/zamel-zme.com.pl\/en\/wp-json\/wp\/v2\/users\/5"}],"replies":[{"embeddable":true,"href":"https:\/\/zamel-zme.com.pl\/en\/wp-json\/wp\/v2\/comments?post=2962"}],"version-history":[{"count":10,"href":"https:\/\/zamel-zme.com.pl\/en\/wp-json\/wp\/v2\/pages\/2962\/revisions"}],"predecessor-version":[{"id":3236,"href":"https:\/\/zamel-zme.com.pl\/en\/wp-json\/wp\/v2\/pages\/2962\/revisions\/3236"}],"wp:attachment":[{"href":"https:\/\/zamel-zme.com.pl\/en\/wp-json\/wp\/v2\/media?parent=2962"}],"curies":[{"name":"wp","href":"https:\/\/api.w.org\/{rel}","templated":true}]}}